{"id":72,"date":"2020-07-30T16:59:20","date_gmt":"2020-07-30T14:59:20","guid":{"rendered":"http:\/\/hiform.it\/?page_id=72"},"modified":"2020-07-30T16:59:20","modified_gmt":"2020-07-30T14:59:20","slug":"fondi-interprofessionali","status":"publish","type":"page","link":"https:\/\/hiform.it\/index.php\/fondi-interprofessionali\/","title":{"rendered":"Fondi Interprofessionali"},"content":{"rendered":"\n<div class=\"wp-block-group\"><div class=\"wp-block-group__inner-container is-layout-flow wp-block-group-is-layout-flow\">\n<p>I Fondi Interprofessionali sono organismi di natura associativa promossi dalle Parti Sociali attraverso specifici Accordi stipulati fra organizzazioni sindacali dei datori di lavoro e organizzazioni sindacali dei lavoratori.<\/p>\n<p>In adempimento a quanto previsto dalla legge 388 del 2000, l\u2019adesione ai Fondi Interprofessionali consente alle imprese di destinare la quota dello 0,30% dei contributi versati all&#8217;INPS al finanziamento delle attivit\u00e0 formative per i propri dipendenti.<\/p>\n<p>Quali strumenti di finanziamento offerti dai Fondi alle aziende aderenti vi sono Avvisi\/Bandi a copertura nazionale tramite i quali un Fondo individua uno o pi\u00f9 argomenti di interesse attuale e stanzia un budget ad esaurimento. Di norma Enti di formazione accreditati presso ciascun Fondo vengono delegati a presentare progetti e successivamente gestire le attivit\u00e0 formative.<\/p>\n<p>Associazione <strong>HiFORM<\/strong> offre supporto tecnico per l\u2019individuazione dei finanziamenti, la progettazione degli interventi formativi e l&#8217;assistenza nella gestione amministrativa, oltre a un servizio per lo sviluppo di percorsi aziendali alle imprese.<\/p>\n<p>Tra gli elementi competitivi che contraddistinguono l\u2019attivit\u00e0 di <strong>HiFORM<\/strong> quale ente di formazione accreditato presso i fondi interprofessionali con cui opera sono i seguenti:<\/p>\n<h4>Soggetto Gestore quale unico interlocutore per l\u2019azienda<\/h4>\n<p style=\"padding-left: 40px;\">Il Soggetto gestore \u00e8 l\u2019ente di formazione accreditato al repertorio delle strutture formative del fondo incaricato della gestione economica, rendicontativa e della raccolta e predisposizione della documentazione per conto di tutte le aziende.<\/p>\n<p style=\"padding-left: 40px;\">La possibilit\u00e0 di avvalersi del Soggetto Gestore, permette all\u2019azienda di sgravarsi di tutti gli oneri gestionali ed amministrativi<\/p>\n<h4>Efficienza gestionale<\/h4>\n<p style=\"padding-left: 40px;\">In quanto interlocutore unico del fondo, il Soggetto Gestore garantisce una migliore pianificazione degli interventi formativi.<\/p>\n<h4>Modalit\u00e0 di finanziamento:<\/h4>\n<p style=\"padding-left: 40px;\">I fondi presso cui <strong>HiFORM<\/strong> \u00e8 accreditata offrono modalit\u00e0 operative estremamente competitive e di rapida disponibilit\u00e0 per il finanziamento delle attivit\u00e0 formative.<\/p>\n<p style=\"padding-left: 40px;\">La delega alla presentazione e gestione anche amministrativa e contabile dei progetti formativi al Soggetto Gestore permette di ridurre i fattori che possono rendere l\u2019accesso al finanziamento difficoltoso.<\/p>\n<p style=\"padding-left: 40px;\">Si ha la sostanziale eliminazione degli oneri gestionale, economici ed amministrativi a carico dell\u2019azienda.<\/p>\n<p>Associazione <strong>HiFORM<\/strong> \u00e8 in grado di consigliare il Fondo cui aderire valutando le opportunit\u00e0 e gli strumenti di finanziamento che meglio si adattano all\u2019azienda e alle sue specificit\u00e0.<\/p>\n<\/div><\/div>\n","protected":false},"excerpt":{"rendered":"<p>I Fondi Interprofessionali sono organismi di natura associativa promossi dalle Parti Sociali attraverso specifici Accordi stipulati fra organizzazioni sindacali dei datori di lavoro e organizzazioni sindacali dei lavoratori. In adempimento a quanto previsto dalla legge 388 del 2000, l\u2019adesione ai Fondi Interprofessionali consente alle imprese di destinare la quota dello 0,30% dei contributi versati all&#8217;INPS &hellip; <a href=\"https:\/\/hiform.it\/index.php\/fondi-interprofessionali\/\" class=\"more-link\">Continua a leggere <span class=\"screen-reader-text\">Fondi Interprofessionali<\/span><\/a><\/p>\n","protected":false},"author":1,"featured_media":0,"parent":0,"menu_order":0,"comment_status":"closed","ping_status":"closed","template":"","meta":{"footnotes":""},"class_list":["post-72","page","type-page","status-publish","hentry"],"_links":{"self":[{"href":"https:\/\/hiform.it\/index.php\/wp-json\/wp\/v2\/pages\/72","targetHints":{"allow":["GET"]}}],"collection":[{"href":"https:\/\/hiform.it\/index.php\/wp-json\/wp\/v2\/pages"}],"about":[{"href":"https:\/\/hiform.it\/index.php\/wp-json\/wp\/v2\/types\/page"}],"author":[{"embeddable":true,"href":"https:\/\/hiform.it\/index.php\/wp-json\/wp\/v2\/users\/1"}],"replies":[{"embeddable":true,"href":"https:\/\/hiform.it\/index.php\/wp-json\/wp\/v2\/comments?post=72"}],"version-history":[{"count":1,"href":"https:\/\/hiform.it\/index.php\/wp-json\/wp\/v2\/pages\/72\/revisions"}],"predecessor-version":[{"id":74,"href":"https:\/\/hiform.it\/index.php\/wp-json\/wp\/v2\/pages\/72\/revisions\/74"}],"wp:attachment":[{"href":"https:\/\/hiform.it\/index.php\/wp-json\/wp\/v2\/media?parent=72"}],"curies":[{"name":"wp","href":"https:\/\/api.w.org\/{rel}","templated":true}]}}